{"id":2208,"date":"2018-11-30T08:13:00","date_gmt":"2018-11-30T14:13:00","guid":{"rendered":"https:\/\/www.urbanotecnia.com\/irex-wineries-of-costa-rica-esparza\/"},"modified":"2025-03-20T14:30:35","modified_gmt":"2025-03-20T20:30:35","slug":"irex-wineries-of-costa-rica-esparza","status":"publish","type":"page","link":"https:\/\/www.urbanotecnia.com\/en\/irex-wineries-of-costa-rica-esparza\/","title":{"rendered":"Irex Wineries of Costa Rica Esparza"},"content":{"rendered":"\nngg_shortcode_0_placeholder\n","protected":false},"excerpt":{"rendered":"","protected":false},"author":2,"featured_media":0,"parent":0,"menu_order":0,"comment_status":"closed","ping_status":"closed","template":"","meta":{"ngg_post_thumbnail":0,"footnotes":""},"class_list":["post-2208","page","type-page","status-publish","hentry"],"yoast_head":"<!-- This site is optimized with the Yoast SEO plugin v24.7 - https:\/\/yoast.com\/wordpress\/plugins\/seo\/ -->\n<title>Irex Wineries of Costa Rica Esparza | Urbanotecnia<\/title>\n<meta name=\"robots\" content=\"index, follow, max-snippet:-1, max-image-preview:large, max-video-preview:-1\" \/>\n<link rel=\"canonical\" href=\"https:\/\/www.urbanotecnia.com\/en\/irex-wineries-of-costa-rica-esparza\/\" \/>\n<meta property=\"og:locale\" content=\"en_US\" \/>\n<meta property=\"og:type\" content=\"article\" \/>\n<meta property=\"og:title\" content=\"Irex Wineries of Costa Rica Esparza | Urbanotecnia\" \/>\n<meta property=\"og:url\" content=\"https:\/\/www.urbanotecnia.com\/en\/irex-wineries-of-costa-rica-esparza\/\" \/>\n<meta property=\"og:site_name\" content=\"Urbanotecnia\" \/>\n<meta property=\"article:modified_time\" content=\"2025-03-20T20:30:35+00:00\" \/>\n<meta name=\"twitter:card\" content=\"summary_large_image\" \/>\n<meta name=\"twitter:label1\" content=\"Est. reading time\" \/>\n\t<meta name=\"twitter:data1\" content=\"1 minute\" \/>\n<script type=\"application\/ld+json\" class=\"yoast-schema-graph\">{\"@context\":\"https:\/\/schema.org\",\"@graph\":[{\"@type\":\"WebPage\",\"@id\":\"https:\/\/www.urbanotecnia.com\/en\/irex-wineries-of-costa-rica-esparza\/\",\"url\":\"https:\/\/www.urbanotecnia.com\/en\/irex-wineries-of-costa-rica-esparza\/\",\"name\":\"Irex Wineries of Costa Rica Esparza | Urbanotecnia\",\"isPartOf\":{\"@id\":\"https:\/\/www.urbanotecnia.com\/en\/#website\"},\"datePublished\":\"2018-11-30T14:13:00+00:00\",\"dateModified\":\"2025-03-20T20:30:35+00:00\",\"breadcrumb\":{\"@id\":\"https:\/\/www.urbanotecnia.com\/en\/irex-wineries-of-costa-rica-esparza\/#breadcrumb\"},\"inLanguage\":\"en-US\",\"potentialAction\":[{\"@type\":\"ReadAction\",\"target\":[\"https:\/\/www.urbanotecnia.com\/en\/irex-wineries-of-costa-rica-esparza\/\"]}]},{\"@type\":\"BreadcrumbList\",\"@id\":\"https:\/\/www.urbanotecnia.com\/en\/irex-wineries-of-costa-rica-esparza\/#breadcrumb\",\"itemListElement\":[{\"@type\":\"ListItem\",\"position\":1,\"name\":\"Portada\",\"item\":\"https:\/\/www.urbanotecnia.com\/en\/\"},{\"@type\":\"ListItem\",\"position\":2,\"name\":\"Irex Wineries of Costa Rica Esparza\"}]},{\"@type\":\"WebSite\",\"@id\":\"https:\/\/www.urbanotecnia.com\/en\/#website\",\"url\":\"https:\/\/www.urbanotecnia.com\/en\/\",\"name\":\"Construcci\u00f3n Costa Rica, Constructora Urbanotecnia\",\"description\":\"Construcci\u00f3n Costa Rica, Constructora Urbanotecnia\",\"alternateName\":\"Construcci\u00f3n Costa Rica, Constructora Urbanotecnia\",\"potentialAction\":[{\"@type\":\"SearchAction\",\"target\":{\"@type\":\"EntryPoint\",\"urlTemplate\":\"https:\/\/www.urbanotecnia.com\/en\/?s={search_term_string}\"},\"query-input\":{\"@type\":\"PropertyValueSpecification\",\"valueRequired\":true,\"valueName\":\"search_term_string\"}}],\"inLanguage\":\"en-US\"}]}<\/script>\n<!-- \/ Yoast SEO plugin. -->","yoast_head_json":{"title":"Irex Wineries of Costa Rica Esparza | Urbanotecnia","robots":{"index":"index","follow":"follow","max-snippet":"max-snippet:-1","max-image-preview":"max-image-preview:large","max-video-preview":"max-video-preview:-1"},"canonical":"https:\/\/www.urbanotecnia.com\/en\/irex-wineries-of-costa-rica-esparza\/","og_locale":"en_US","og_type":"article","og_title":"Irex Wineries of Costa Rica Esparza | Urbanotecnia","og_url":"https:\/\/www.urbanotecnia.com\/en\/irex-wineries-of-costa-rica-esparza\/","og_site_name":"Urbanotecnia","article_modified_time":"2025-03-20T20:30:35+00:00","twitter_card":"summary_large_image","twitter_misc":{"Est. reading time":"1 minute"},"schema":{"@context":"https:\/\/schema.org","@graph":[{"@type":"WebPage","@id":"https:\/\/www.urbanotecnia.com\/en\/irex-wineries-of-costa-rica-esparza\/","url":"https:\/\/www.urbanotecnia.com\/en\/irex-wineries-of-costa-rica-esparza\/","name":"Irex Wineries of Costa Rica Esparza | Urbanotecnia","isPartOf":{"@id":"https:\/\/www.urbanotecnia.com\/en\/#website"},"datePublished":"2018-11-30T14:13:00+00:00","dateModified":"2025-03-20T20:30:35+00:00","breadcrumb":{"@id":"https:\/\/www.urbanotecnia.com\/en\/irex-wineries-of-costa-rica-esparza\/#breadcrumb"},"inLanguage":"en-US","potentialAction":[{"@type":"ReadAction","target":["https:\/\/www.urbanotecnia.com\/en\/irex-wineries-of-costa-rica-esparza\/"]}]},{"@type":"BreadcrumbList","@id":"https:\/\/www.urbanotecnia.com\/en\/irex-wineries-of-costa-rica-esparza\/#breadcrumb","itemListElement":[{"@type":"ListItem","position":1,"name":"Portada","item":"https:\/\/www.urbanotecnia.com\/en\/"},{"@type":"ListItem","position":2,"name":"Irex Wineries of Costa Rica Esparza"}]},{"@type":"WebSite","@id":"https:\/\/www.urbanotecnia.com\/en\/#website","url":"https:\/\/www.urbanotecnia.com\/en\/","name":"Construcci\u00f3n Costa Rica, Constructora Urbanotecnia","description":"Construcci\u00f3n Costa Rica, Constructora Urbanotecnia","alternateName":"Construcci\u00f3n Costa Rica, Constructora Urbanotecnia","potentialAction":[{"@type":"SearchAction","target":{"@type":"EntryPoint","urlTemplate":"https:\/\/www.urbanotecnia.com\/en\/?s={search_term_string}"},"query-input":{"@type":"PropertyValueSpecification","valueRequired":true,"valueName":"search_term_string"}}],"inLanguage":"en-US"}]}},"_links":{"self":[{"href":"https:\/\/www.urbanotecnia.com\/en\/wp-json\/wp\/v2\/pages\/2208","targetHints":{"allow":["GET"]}}],"collection":[{"href":"https:\/\/www.urbanotecnia.com\/en\/wp-json\/wp\/v2\/pages"}],"about":[{"href":"https:\/\/www.urbanotecnia.com\/en\/wp-json\/wp\/v2\/types\/page"}],"author":[{"embeddable":true,"href":"https:\/\/www.urbanotecnia.com\/en\/wp-json\/wp\/v2\/users\/2"}],"replies":[{"embeddable":true,"href":"https:\/\/www.urbanotecnia.com\/en\/wp-json\/wp\/v2\/comments?post=2208"}],"version-history":[{"count":1,"href":"https:\/\/www.urbanotecnia.com\/en\/wp-json\/wp\/v2\/pages\/2208\/revisions"}],"predecessor-version":[{"id":2509,"href":"https:\/\/www.urbanotecnia.com\/en\/wp-json\/wp\/v2\/pages\/2208\/revisions\/2509"}],"wp:attachment":[{"href":"https:\/\/www.urbanotecnia.com\/en\/wp-json\/wp\/v2\/media?parent=2208"}],"curies":[{"name":"wp","href":"https:\/\/api.w.org\/{rel}","templated":true}]}}