{"id":2136,"date":"2014-07-04T14:09:56","date_gmt":"2014-07-04T20:09:56","guid":{"rendered":"https:\/\/www.urbanotecnia.com\/projects\/"},"modified":"2025-03-20T10:04:44","modified_gmt":"2025-03-20T16:04:44","slug":"projects","status":"publish","type":"page","link":"https:\/\/www.urbanotecnia.com\/en\/projects\/","title":{"rendered":"Projects"},"content":{"rendered":"<h3>Our projects<\/h3>\n<p>The quality of our services and the team of engineers who work in Urbanotecnia have made the consolidation of the company possible through the creation of transcendental construction projects in Costa Rica.<\/p>\n<div class=\"panels\">\n<div class=\"borderIn\">&nbsp;<\/div>\n<ul class=\"nomargin\">\n<li>Construction of Hacienda Avilera.<\/li>\n<li>Construction of dressing rooms at Saint Francis Stadium.<\/li>\n<li>Channel 7: remodeling of the main building facade.<\/li>\n<li>Residencial Camino del Sol: construction of a recreational area and entrance gate guard house.<\/li>\n<li>Multiplaza Escaz\u00fa: construction of a footbridge.<\/li>\n<li>Tierras del Este: construction of a residential entrance gate guard house and recreational areas.<\/li>\n<li>Construction of REGUS Office Center<\/li>\n<\/ul>\n<\/div>\n<div class=\"panels\">\n<ul class=\"nomargin\">\n<li>Plaza Lincoln Shopping Mall: construction of a Forever 21 Store.<\/li>\n<li>Multiplaza Escaz\u00fa Shopping Mall: construction of a Forever 21 Store.<\/li>\n<li>Plaza Lincoln Shopping Mall: construction of an Express Store.<\/li>\n<li>Multiplaza Escaz\u00fa Shopping Mall: construction of an Express Store.<\/li>\n<li>Cabletica: office remodeling.<\/li>\n<li>Grupo Mutual Alajuela: remodeling of the central building.<\/li>\n<li>Construction of Panorama Shopping Mall.<\/li>\n<\/ul>\n<\/div>\n<div class=\"proyectosLanding\"><a class=\"centros-educativos\" title=\"schools\" href=\"http:\/\/www.urbanotecnia.com\/en\/category\/schools\/\"><span>Schools<\/span><\/a><a class=\"residenciales\" title=\"Residential Areas\" href=\"http:\/\/www.urbanotecnia.com\/en\/category\/residential-areas\/\"><span>Residential Areas<\/span><\/a><a class=\"recreativas\" title=\"Recreational Areas\" href=\"http:\/\/www.urbanotecnia.com\/en\/category\/recreational-areas\/\"><span>Recreational Areas<\/span><\/a><a class=\"comerciales\" title=\"Commercial Areas\" href=\"http:\/\/www.urbanotecnia.com\/en\/category\/commercial-areas\/\"><span>Commercial Areas<\/span><\/a><a class=\"infraestructura\" title=\"Infrastructure Projects and Civil Works\" href=\"http:\/\/www.urbanotecnia.com\/en\/category\/infrastructure-projects-and-civil-works\/\"><span>Infrastructure Projects and Civil Works<\/span><\/a><a class=\"remodelacion\" title=\"Office Construction and Remodeling\" href=\"http:\/\/www.urbanotecnia.com\/en\/category\/office-construction-and-remodeling\/\"><span>Office Construction and Remodeling<\/span><\/a><\/div>\n","protected":false},"excerpt":{"rendered":"<p>Our projects The quality of our services and the team of engineers who work in Urbanotecnia have made the consolidation of the company possible through the creation of transcendental construction projects in Costa Rica. &nbsp; Construction of Hacienda Avilera. Construction of dressing rooms at Saint Francis Stadium. Channel 7: remodeling of the main building facade. [&hellip;]<\/p>\n","protected":false},"author":2,"featured_media":0,"parent":0,"menu_order":0,"comment_status":"closed","ping_status":"closed","template":"","meta":{"ngg_post_thumbnail":0,"footnotes":""},"class_list":["post-2136","page","type-page","status-publish","hentry"],"yoast_head":"<!-- This site is optimized with the Yoast SEO plugin v24.7 - https:\/\/yoast.com\/wordpress\/plugins\/seo\/ -->\n<title>Our projects<\/title>\n<meta name=\"description\" content=\"Construction Projects in Costa Rica. Residential, Civil Infrastructure, Commercial and Recreational Areas Construction.\" \/>\n<meta name=\"robots\" content=\"index, follow, max-snippet:-1, max-image-preview:large, max-video-preview:-1\" \/>\n<link rel=\"canonical\" href=\"https:\/\/www.urbanotecnia.com\/en\/projects\/\" \/>\n<meta property=\"og:locale\" content=\"en_US\" \/>\n<meta property=\"og:type\" content=\"article\" \/>\n<meta property=\"og:title\" content=\"Our projects\" \/>\n<meta property=\"og:description\" content=\"Construction Projects in Costa Rica. Residential, Civil Infrastructure, Commercial and Recreational Areas Construction.\" \/>\n<meta property=\"og:url\" content=\"https:\/\/www.urbanotecnia.com\/en\/projects\/\" \/>\n<meta property=\"og:site_name\" content=\"Urbanotecnia\" \/>\n<meta property=\"article:modified_time\" content=\"2025-03-20T16:04:44+00:00\" \/>\n<meta name=\"twitter:card\" content=\"summary_large_image\" \/>\n<meta name=\"twitter:label1\" content=\"Est. reading time\" \/>\n\t<meta name=\"twitter:data1\" content=\"1 minute\" \/>\n<script type=\"application\/ld+json\" class=\"yoast-schema-graph\">{\"@context\":\"https:\/\/schema.org\",\"@graph\":[{\"@type\":\"WebPage\",\"@id\":\"https:\/\/www.urbanotecnia.com\/en\/projects\/\",\"url\":\"https:\/\/www.urbanotecnia.com\/en\/projects\/\",\"name\":\"Our projects\",\"isPartOf\":{\"@id\":\"https:\/\/www.urbanotecnia.com\/en\/#website\"},\"datePublished\":\"2014-07-04T20:09:56+00:00\",\"dateModified\":\"2025-03-20T16:04:44+00:00\",\"description\":\"Construction Projects in Costa Rica. Residential, Civil Infrastructure, Commercial and Recreational Areas Construction.\",\"breadcrumb\":{\"@id\":\"https:\/\/www.urbanotecnia.com\/en\/projects\/#breadcrumb\"},\"inLanguage\":\"en-US\",\"potentialAction\":[{\"@type\":\"ReadAction\",\"target\":[\"https:\/\/www.urbanotecnia.com\/en\/projects\/\"]}]},{\"@type\":\"BreadcrumbList\",\"@id\":\"https:\/\/www.urbanotecnia.com\/en\/projects\/#breadcrumb\",\"itemListElement\":[{\"@type\":\"ListItem\",\"position\":1,\"name\":\"Portada\",\"item\":\"https:\/\/www.urbanotecnia.com\/en\/\"},{\"@type\":\"ListItem\",\"position\":2,\"name\":\"Projects\"}]},{\"@type\":\"WebSite\",\"@id\":\"https:\/\/www.urbanotecnia.com\/en\/#website\",\"url\":\"https:\/\/www.urbanotecnia.com\/en\/\",\"name\":\"Construcci\u00f3n Costa Rica, Constructora Urbanotecnia\",\"description\":\"Construcci\u00f3n Costa Rica, Constructora Urbanotecnia\",\"alternateName\":\"Construcci\u00f3n Costa Rica, Constructora Urbanotecnia\",\"potentialAction\":[{\"@type\":\"SearchAction\",\"target\":{\"@type\":\"EntryPoint\",\"urlTemplate\":\"https:\/\/www.urbanotecnia.com\/en\/?s={search_term_string}\"},\"query-input\":{\"@type\":\"PropertyValueSpecification\",\"valueRequired\":true,\"valueName\":\"search_term_string\"}}],\"inLanguage\":\"en-US\"}]}<\/script>\n<!-- \/ Yoast SEO plugin. -->","yoast_head_json":{"title":"Our projects","description":"Construction Projects in Costa Rica. Residential, Civil Infrastructure, Commercial and Recreational Areas Construction.","robots":{"index":"index","follow":"follow","max-snippet":"max-snippet:-1","max-image-preview":"max-image-preview:large","max-video-preview":"max-video-preview:-1"},"canonical":"https:\/\/www.urbanotecnia.com\/en\/projects\/","og_locale":"en_US","og_type":"article","og_title":"Our projects","og_description":"Construction Projects in Costa Rica. Residential, Civil Infrastructure, Commercial and Recreational Areas Construction.","og_url":"https:\/\/www.urbanotecnia.com\/en\/projects\/","og_site_name":"Urbanotecnia","article_modified_time":"2025-03-20T16:04:44+00:00","twitter_card":"summary_large_image","twitter_misc":{"Est. reading time":"1 minute"},"schema":{"@context":"https:\/\/schema.org","@graph":[{"@type":"WebPage","@id":"https:\/\/www.urbanotecnia.com\/en\/projects\/","url":"https:\/\/www.urbanotecnia.com\/en\/projects\/","name":"Our projects","isPartOf":{"@id":"https:\/\/www.urbanotecnia.com\/en\/#website"},"datePublished":"2014-07-04T20:09:56+00:00","dateModified":"2025-03-20T16:04:44+00:00","description":"Construction Projects in Costa Rica. Residential, Civil Infrastructure, Commercial and Recreational Areas Construction.","breadcrumb":{"@id":"https:\/\/www.urbanotecnia.com\/en\/projects\/#breadcrumb"},"inLanguage":"en-US","potentialAction":[{"@type":"ReadAction","target":["https:\/\/www.urbanotecnia.com\/en\/projects\/"]}]},{"@type":"BreadcrumbList","@id":"https:\/\/www.urbanotecnia.com\/en\/projects\/#breadcrumb","itemListElement":[{"@type":"ListItem","position":1,"name":"Portada","item":"https:\/\/www.urbanotecnia.com\/en\/"},{"@type":"ListItem","position":2,"name":"Projects"}]},{"@type":"WebSite","@id":"https:\/\/www.urbanotecnia.com\/en\/#website","url":"https:\/\/www.urbanotecnia.com\/en\/","name":"Construcci\u00f3n Costa Rica, Constructora Urbanotecnia","description":"Construcci\u00f3n Costa Rica, Constructora Urbanotecnia","alternateName":"Construcci\u00f3n Costa Rica, Constructora Urbanotecnia","potentialAction":[{"@type":"SearchAction","target":{"@type":"EntryPoint","urlTemplate":"https:\/\/www.urbanotecnia.com\/en\/?s={search_term_string}"},"query-input":{"@type":"PropertyValueSpecification","valueRequired":true,"valueName":"search_term_string"}}],"inLanguage":"en-US"}]}},"_links":{"self":[{"href":"https:\/\/www.urbanotecnia.com\/en\/wp-json\/wp\/v2\/pages\/2136","targetHints":{"allow":["GET"]}}],"collection":[{"href":"https:\/\/www.urbanotecnia.com\/en\/wp-json\/wp\/v2\/pages"}],"about":[{"href":"https:\/\/www.urbanotecnia.com\/en\/wp-json\/wp\/v2\/types\/page"}],"author":[{"embeddable":true,"href":"https:\/\/www.urbanotecnia.com\/en\/wp-json\/wp\/v2\/users\/2"}],"replies":[{"embeddable":true,"href":"https:\/\/www.urbanotecnia.com\/en\/wp-json\/wp\/v2\/comments?post=2136"}],"version-history":[{"count":15,"href":"https:\/\/www.urbanotecnia.com\/en\/wp-json\/wp\/v2\/pages\/2136\/revisions"}],"predecessor-version":[{"id":2382,"href":"https:\/\/www.urbanotecnia.com\/en\/wp-json\/wp\/v2\/pages\/2136\/revisions\/2382"}],"wp:attachment":[{"href":"https:\/\/www.urbanotecnia.com\/en\/wp-json\/wp\/v2\/media?parent=2136"}],"curies":[{"name":"wp","href":"https:\/\/api.w.org\/{rel}","templated":true}]}}