{"id":2134,"date":"2014-07-04T14:09:29","date_gmt":"2014-07-04T20:09:29","guid":{"rendered":"https:\/\/www.urbanotecnia.com\/consulting-and-construction\/"},"modified":"2014-07-04T14:09:29","modified_gmt":"2014-07-04T20:09:29","slug":"consulting-and-construction","status":"publish","type":"page","link":"https:\/\/www.urbanotecnia.com\/en\/consulting-and-construction\/","title":{"rendered":"Consulting and construction"},"content":{"rendered":"<p>Urbanotecnia offers a wide range of consulting and construction services, among them:<\/p>\n<div class=\"panels\">\n<ul>\n<li>Residential areas: thanks to our experience, we are dedicated to the construction of homes and develop condominiums with luxury finishes.<\/li>\n<li>Recreational areas: we have experience in the construction of entrance huts and support areas in residential projects.<\/li>\n<li>Offices: we develop construction, remodeling and refurbishment projects for corporate centers and offices.<\/li>\n<\/ul>\n<\/div>\n<div class=\"panels\">\n<ul>\n<li>Infrastructure and civil works projects: we have extensive experience in the construction of projects in the segmentation, gray work and finishing stages.<\/li>\n<li>Commercial areas: our team of professionals has experience in the construction and remodeling of commercial and retail establishments.<\/li>\n<\/ul>\n<\/div>\n","protected":false},"excerpt":{"rendered":"<p>Urbanotecnia offers a wide range of consulting and construction services, among them: Residential areas: thanks to our experience, we are dedicated to the construction of homes and develop condominiums with luxury finishes. Recreational areas: we have experience in the construction of entrance huts and support areas in residential projects. Offices: we develop construction, remodeling and [&hellip;]<\/p>\n","protected":false},"author":2,"featured_media":0,"parent":0,"menu_order":0,"comment_status":"closed","ping_status":"closed","template":"","meta":{"ngg_post_thumbnail":0,"footnotes":""},"class_list":["post-2134","page","type-page","status-publish","hentry"],"yoast_head":"<!-- This site is optimized with the Yoast SEO plugin v24.7 - https:\/\/yoast.com\/wordpress\/plugins\/seo\/ -->\n<title>Consulting and construction | Urbanotecnia<\/title>\n<meta name=\"robots\" content=\"index, follow, max-snippet:-1, max-image-preview:large, max-video-preview:-1\" \/>\n<link rel=\"canonical\" href=\"https:\/\/www.urbanotecnia.com\/en\/consulting-and-construction\/\" \/>\n<meta property=\"og:locale\" content=\"en_US\" \/>\n<meta property=\"og:type\" content=\"article\" \/>\n<meta property=\"og:title\" content=\"Consulting and construction | Urbanotecnia\" \/>\n<meta property=\"og:description\" content=\"Urbanotecnia offers a wide range of consulting and construction services, among them: Residential areas: thanks to our experience, we are dedicated to the construction of homes and develop condominiums with luxury finishes. Recreational areas: we have experience in the construction of entrance huts and support areas in residential projects. Offices: we develop construction, remodeling and [&hellip;]\" \/>\n<meta property=\"og:url\" content=\"https:\/\/www.urbanotecnia.com\/en\/consulting-and-construction\/\" \/>\n<meta property=\"og:site_name\" content=\"Urbanotecnia\" \/>\n<meta name=\"twitter:card\" content=\"summary_large_image\" \/>\n<meta name=\"twitter:label1\" content=\"Est. reading time\" \/>\n\t<meta name=\"twitter:data1\" content=\"1 minute\" \/>\n<script type=\"application\/ld+json\" class=\"yoast-schema-graph\">{\"@context\":\"https:\/\/schema.org\",\"@graph\":[{\"@type\":\"WebPage\",\"@id\":\"https:\/\/www.urbanotecnia.com\/en\/consulting-and-construction\/\",\"url\":\"https:\/\/www.urbanotecnia.com\/en\/consulting-and-construction\/\",\"name\":\"Consulting and construction | Urbanotecnia\",\"isPartOf\":{\"@id\":\"https:\/\/www.urbanotecnia.com\/en\/#website\"},\"datePublished\":\"2014-07-04T20:09:29+00:00\",\"breadcrumb\":{\"@id\":\"https:\/\/www.urbanotecnia.com\/en\/consulting-and-construction\/#breadcrumb\"},\"inLanguage\":\"en-US\",\"potentialAction\":[{\"@type\":\"ReadAction\",\"target\":[\"https:\/\/www.urbanotecnia.com\/en\/consulting-and-construction\/\"]}]},{\"@type\":\"BreadcrumbList\",\"@id\":\"https:\/\/www.urbanotecnia.com\/en\/consulting-and-construction\/#breadcrumb\",\"itemListElement\":[{\"@type\":\"ListItem\",\"position\":1,\"name\":\"Portada\",\"item\":\"https:\/\/www.urbanotecnia.com\/en\/\"},{\"@type\":\"ListItem\",\"position\":2,\"name\":\"Consulting and construction\"}]},{\"@type\":\"WebSite\",\"@id\":\"https:\/\/www.urbanotecnia.com\/en\/#website\",\"url\":\"https:\/\/www.urbanotecnia.com\/en\/\",\"name\":\"Construcci\u00f3n Costa Rica, Constructora Urbanotecnia\",\"description\":\"Construcci\u00f3n Costa Rica, Constructora Urbanotecnia\",\"alternateName\":\"Construcci\u00f3n Costa Rica, Constructora Urbanotecnia\",\"potentialAction\":[{\"@type\":\"SearchAction\",\"target\":{\"@type\":\"EntryPoint\",\"urlTemplate\":\"https:\/\/www.urbanotecnia.com\/en\/?s={search_term_string}\"},\"query-input\":{\"@type\":\"PropertyValueSpecification\",\"valueRequired\":true,\"valueName\":\"search_term_string\"}}],\"inLanguage\":\"en-US\"}]}<\/script>\n<!-- \/ Yoast SEO plugin. -->","yoast_head_json":{"title":"Consulting and construction | Urbanotecnia","robots":{"index":"index","follow":"follow","max-snippet":"max-snippet:-1","max-image-preview":"max-image-preview:large","max-video-preview":"max-video-preview:-1"},"canonical":"https:\/\/www.urbanotecnia.com\/en\/consulting-and-construction\/","og_locale":"en_US","og_type":"article","og_title":"Consulting and construction | Urbanotecnia","og_description":"Urbanotecnia offers a wide range of consulting and construction services, among them: Residential areas: thanks to our experience, we are dedicated to the construction of homes and develop condominiums with luxury finishes. Recreational areas: we have experience in the construction of entrance huts and support areas in residential projects. Offices: we develop construction, remodeling and [&hellip;]","og_url":"https:\/\/www.urbanotecnia.com\/en\/consulting-and-construction\/","og_site_name":"Urbanotecnia","twitter_card":"summary_large_image","twitter_misc":{"Est. reading time":"1 minute"},"schema":{"@context":"https:\/\/schema.org","@graph":[{"@type":"WebPage","@id":"https:\/\/www.urbanotecnia.com\/en\/consulting-and-construction\/","url":"https:\/\/www.urbanotecnia.com\/en\/consulting-and-construction\/","name":"Consulting and construction | Urbanotecnia","isPartOf":{"@id":"https:\/\/www.urbanotecnia.com\/en\/#website"},"datePublished":"2014-07-04T20:09:29+00:00","breadcrumb":{"@id":"https:\/\/www.urbanotecnia.com\/en\/consulting-and-construction\/#breadcrumb"},"inLanguage":"en-US","potentialAction":[{"@type":"ReadAction","target":["https:\/\/www.urbanotecnia.com\/en\/consulting-and-construction\/"]}]},{"@type":"BreadcrumbList","@id":"https:\/\/www.urbanotecnia.com\/en\/consulting-and-construction\/#breadcrumb","itemListElement":[{"@type":"ListItem","position":1,"name":"Portada","item":"https:\/\/www.urbanotecnia.com\/en\/"},{"@type":"ListItem","position":2,"name":"Consulting and construction"}]},{"@type":"WebSite","@id":"https:\/\/www.urbanotecnia.com\/en\/#website","url":"https:\/\/www.urbanotecnia.com\/en\/","name":"Construcci\u00f3n Costa Rica, Constructora Urbanotecnia","description":"Construcci\u00f3n Costa Rica, Constructora Urbanotecnia","alternateName":"Construcci\u00f3n Costa Rica, Constructora Urbanotecnia","potentialAction":[{"@type":"SearchAction","target":{"@type":"EntryPoint","urlTemplate":"https:\/\/www.urbanotecnia.com\/en\/?s={search_term_string}"},"query-input":{"@type":"PropertyValueSpecification","valueRequired":true,"valueName":"search_term_string"}}],"inLanguage":"en-US"}]}},"_links":{"self":[{"href":"https:\/\/www.urbanotecnia.com\/en\/wp-json\/wp\/v2\/pages\/2134","targetHints":{"allow":["GET"]}}],"collection":[{"href":"https:\/\/www.urbanotecnia.com\/en\/wp-json\/wp\/v2\/pages"}],"about":[{"href":"https:\/\/www.urbanotecnia.com\/en\/wp-json\/wp\/v2\/types\/page"}],"author":[{"embeddable":true,"href":"https:\/\/www.urbanotecnia.com\/en\/wp-json\/wp\/v2\/users\/2"}],"replies":[{"embeddable":true,"href":"https:\/\/www.urbanotecnia.com\/en\/wp-json\/wp\/v2\/comments?post=2134"}],"version-history":[{"count":0,"href":"https:\/\/www.urbanotecnia.com\/en\/wp-json\/wp\/v2\/pages\/2134\/revisions"}],"wp:attachment":[{"href":"https:\/\/www.urbanotecnia.com\/en\/wp-json\/wp\/v2\/media?parent=2134"}],"curies":[{"name":"wp","href":"https:\/\/api.w.org\/{rel}","templated":true}]}}